{"id":6470,"date":"2020-08-03T11:55:58","date_gmt":"2020-08-03T11:55:58","guid":{"rendered":"http:\/\/hasiciprzno.cz\/?page_id=6470"},"modified":"2024-05-24T08:14:26","modified_gmt":"2024-05-24T08:14:26","slug":"vyjezdovka","status":"publish","type":"page","link":"http:\/\/hasiciprzno.cz\/?page_id=6470","title":{"rendered":"V\u00fdjezdov\u00e1 jednotka"},"content":{"rendered":"\n<h2 class=\"wp-block-heading\"><span style=\"background-color:rgba(0, 0, 0, 0)\" class=\"has-inline-color has-vivid-red-color\">Velitel jednotky<\/span><\/h2>\n\n\n\n<p>Zden\u011bk Adamec, tel: 777 796 607<\/p>\n\n\n\n<h2 class=\"wp-block-heading\"><span style=\"background-color:rgba(0, 0, 0, 0)\" class=\"has-inline-color has-vivid-red-color\">Starosta obce<\/span><\/h2>\n\n\n\n<p>Petr Blok\u0161a, tel: 723 303 237<\/p>\n\n\n\n<h2 class=\"wp-block-heading\"><span style=\"background-color:rgba(0, 0, 0, 0)\" class=\"has-inline-color has-vivid-red-color\">Velitel\u00e9 dru\u017estva<\/span><\/h2>\n\n\n\n<ul>\n<li>Lud\u011bk Fi\u0161er (strojn\u00edk)<\/li>\n\n\n\n<li>Petr Adamec (strojn\u00edk)<\/li>\n\n\n\n<li>Dominik Fi\u0161er (strojn\u00edk)<\/li>\n\n\n\n<li>Dalibor Jursa (strojn\u00edk)<\/li>\n<\/ul>\n\n\n\n<h2 class=\"wp-block-heading\"><span style=\"background-color:rgba(0, 0, 0, 0)\" class=\"has-inline-color has-vivid-red-color\">Strojn\u00edci<\/span><\/h2>\n\n\n\n<ul>\n<li>Radek Fi\u0161er<\/li>\n\n\n\n<li>Petr Bezou\u0161ka (pila\u0159)<\/li>\n\n\n\n<li>Josef Dost\u00e1l (pila\u0159)<\/li>\n<\/ul>\n\n\n\n<h2 class=\"wp-block-heading\"><span style=\"background-color:rgba(0, 0, 0, 0)\" class=\"has-inline-color has-vivid-red-color\">Hasi\u010di<\/span><\/h2>\n\n\n\n<ul>\n<li>Miroslav Muro\u0148 <\/li>\n\n\n\n<li>Jakub Adamec<\/li>\n\n\n\n<li>Jakub \u0160\u0165astn\u00fd<\/li>\n\n\n\n<li>Tom\u00e1\u0161 Janek<\/li>\n\n\n\n<li>Luk\u00e1\u0161 Muro\u0148 <\/li>\n<\/ul>\n","protected":false},"excerpt":{"rendered":"<p>Velitel jednotky Zden\u011bk Adamec, tel: 777 796 607 Starosta obce Petr Blok\u0161a, tel: 723 303 237 Velitel\u00e9 dru\u017estva Strojn\u00edci Hasi\u010di<\/p>\n","protected":false},"author":1,"featured_media":6961,"parent":0,"menu_order":0,"comment_status":"closed","ping_status":"closed","template":"","meta":{"footnotes":""},"post_mailing_queue_ids":[],"_links":{"self":[{"href":"http:\/\/hasiciprzno.cz\/index.php?rest_route=\/wp\/v2\/pages\/6470"}],"collection":[{"href":"http:\/\/hasiciprzno.cz\/index.php?rest_route=\/wp\/v2\/pages"}],"about":[{"href":"http:\/\/hasiciprzno.cz\/index.php?rest_route=\/wp\/v2\/types\/page"}],"author":[{"embeddable":true,"href":"http:\/\/hasiciprzno.cz\/index.php?rest_route=\/wp\/v2\/users\/1"}],"replies":[{"embeddable":true,"href":"http:\/\/hasiciprzno.cz\/index.php?rest_route=%2Fwp%2Fv2%2Fcomments&post=6470"}],"version-history":[{"count":10,"href":"http:\/\/hasiciprzno.cz\/index.php?rest_route=\/wp\/v2\/pages\/6470\/revisions"}],"predecessor-version":[{"id":7100,"href":"http:\/\/hasiciprzno.cz\/index.php?rest_route=\/wp\/v2\/pages\/6470\/revisions\/7100"}],"wp:featuredmedia":[{"embeddable":true,"href":"http:\/\/hasiciprzno.cz\/index.php?rest_route=\/wp\/v2\/media\/6961"}],"wp:attachment":[{"href":"http:\/\/hasiciprzno.cz\/index.php?rest_route=%2Fwp%2Fv2%2Fmedia&parent=6470"}],"curies":[{"name":"wp","href":"https:\/\/api.w.org\/{rel}","templated":true}]}}