{"id":780,"date":"2017-02-22T20:18:46","date_gmt":"2017-02-22T20:18:46","guid":{"rendered":"http:\/\/hasiciprzno.cz\/?page_id=780"},"modified":"2024-07-14T15:39:44","modified_gmt":"2024-07-14T15:39:44","slug":"vysledky-hasicskych-soutezi","status":"publish","type":"page","link":"http:\/\/hasiciprzno.cz\/?page_id=780","title":{"rendered":"Mlad\u00ed hasi\u010di"},"content":{"rendered":"\n<p><strong>Hlavn\u00ed vedouc\u00ed mlad\u00fdch hasi\u010d\u016f:&nbsp; Monika Adamcov\u00e1 (tel: 776489254)<\/strong><\/p>\n\n\n\n<p>Vedouc\u00ed: Kate\u0159ina Fi\u0161erov\u00e1 (tel: 725923440), Dalibor Jursa, Dominik Fi\u0161er, Zden\u011bk Adamec, Lud\u011bk Fi\u0161er<\/p>\n\n\n\n<p>Tren\u00e9\u0159i:&nbsp; Radek Fi\u0161er<\/p>\n\n\n\n<p><span style=\"text-decoration: underline;\">P\u0159ihl\u00e1\u0161ka mlad\u00e9ho hasi\u010de<\/span><\/p>\n\n\n\n<div class=\"wp-block-file\"><a id=\"wp-block-file--media-7fe2140e-ea04-49c7-89f9-88a608f84919\" href=\"http:\/\/hasiciprzno.cz\/wp-content\/uploads\/2024\/07\/Prihlaska-mladeho-hasiceOSHFM-2.pdf\">Prihlaska-mladeho-hasiceOSHFM-2<\/a><a href=\"http:\/\/hasiciprzno.cz\/wp-content\/uploads\/2024\/07\/Prihlaska-mladeho-hasiceOSHFM-2.pdf\" class=\"wp-block-file__button wp-element-button\" download aria-describedby=\"wp-block-file--media-7fe2140e-ea04-49c7-89f9-88a608f84919\">St\u00e1hnout<\/a><\/div>\n\n\n\n<p><span style=\"text-decoration: underline;\">P\u0159ihl\u00e1\u0161ka MH<\/span><\/p>\n\n\n\n<div class=\"wp-block-file\"><a id=\"wp-block-file--media-d9ecd6bf-b787-4ac3-97d9-36a4a29f7694\" href=\"http:\/\/hasiciprzno.cz\/wp-content\/uploads\/2024\/07\/PrihlaskaMH.docx\">PrihlaskaMH<\/a><a href=\"http:\/\/hasiciprzno.cz\/wp-content\/uploads\/2024\/07\/PrihlaskaMH.docx\" class=\"wp-block-file__button wp-element-button\" download aria-describedby=\"wp-block-file--media-d9ecd6bf-b787-4ac3-97d9-36a4a29f7694\">St\u00e1hnout<\/a><\/div>\n\n\n\n<div class=\"wp-block-group is-layout-constrained wp-block-group-is-layout-constrained\"><div class=\"wp-block-group__inner-container\"><\/div><\/div>\n\n\n\n<p><\/p>\n","protected":false},"excerpt":{"rendered":"<p>Hlavn\u00ed vedouc\u00ed mlad\u00fdch hasi\u010d\u016f:&nbsp; Monika Adamcov\u00e1 (tel: 776489254) Vedouc\u00ed: Kate\u0159ina Fi\u0161erov\u00e1 (tel: 725923440), Dalibor Jursa, Dominik Fi\u0161er, Zden\u011bk Adamec, Lud\u011bk Fi\u0161er Tren\u00e9\u0159i:&nbsp; Radek Fi\u0161er P\u0159ihl\u00e1\u0161ka mlad\u00e9ho hasi\u010de P\u0159ihl\u00e1\u0161ka MH<\/p>\n","protected":false},"author":4,"featured_media":0,"parent":0,"menu_order":0,"comment_status":"closed","ping_status":"closed","template":"","meta":{"footnotes":""},"post_mailing_queue_ids":[],"_links":{"self":[{"href":"http:\/\/hasiciprzno.cz\/index.php?rest_route=\/wp\/v2\/pages\/780"}],"collection":[{"href":"http:\/\/hasiciprzno.cz\/index.php?rest_route=\/wp\/v2\/pages"}],"about":[{"href":"http:\/\/hasiciprzno.cz\/index.php?rest_route=\/wp\/v2\/types\/page"}],"author":[{"embeddable":true,"href":"http:\/\/hasiciprzno.cz\/index.php?rest_route=\/wp\/v2\/users\/4"}],"replies":[{"embeddable":true,"href":"http:\/\/hasiciprzno.cz\/index.php?rest_route=%2Fwp%2Fv2%2Fcomments&post=780"}],"version-history":[{"count":51,"href":"http:\/\/hasiciprzno.cz\/index.php?rest_route=\/wp\/v2\/pages\/780\/revisions"}],"predecessor-version":[{"id":7099,"href":"http:\/\/hasiciprzno.cz\/index.php?rest_route=\/wp\/v2\/pages\/780\/revisions\/7099"}],"wp:attachment":[{"href":"http:\/\/hasiciprzno.cz\/index.php?rest_route=%2Fwp%2Fv2%2Fmedia&parent=780"}],"curies":[{"name":"wp","href":"https:\/\/api.w.org\/{rel}","templated":true}]}}