{"id":1016,"date":"2017-03-15T12:10:36","date_gmt":"2017-03-15T12:10:36","guid":{"rendered":"http:\/\/hasiciprzno.cz\/?page_id=1016"},"modified":"2019-09-27T15:38:37","modified_gmt":"2019-09-27T15:38:37","slug":"uzitecne","status":"publish","type":"page","link":"https:\/\/hasiciprzno.cz\/?page_id=1016","title":{"rendered":"U\u017eite\u010dn\u00e9"},"content":{"rendered":"<h2 style=\"text-align: center;\"><\/h2>\n<h2 style=\"text-align: center;\">Na t\u011bchto str\u00e1nk\u00e1ch V\u00e1m p\u0159in\u00e1\u0161\u00edme u\u017eite\u010dn\u00e9 informace, kter\u00e9 m\u016f\u017eete vyu\u017e\u00edt na tr\u00e9ninc\u00edch a z\u00e1vodech.<\/h2>\n<hr \/>\n<h5 style=\"text-align: center;\"><a href=\"http:\/\/hasiciprzno.cz\/?page_id=1046\">V\u00e1z\u00e1n\u00ed uzl\u016f<\/a><\/h5>\n<h5 style=\"text-align: center;\"><a href=\"http:\/\/hasiciprzno.cz\/?page_id=1063\">Topografick\u00e9 zna\u010dky a hasi\u010dsk\u00e9 prost\u0159edky<\/a><\/h5>\n<h5 style=\"text-align: center;\"><a href=\"http:\/\/hasiciprzno.cz\/?page_id=1071\">Sout\u011b\u017e Plamen, Po\u017e\u00e1rn\u00ed \u00fatok, Hasi\u010dsk\u00e1 v\u0161estranost<\/a><\/h5>\n<h5 style=\"text-align: center;\"><a href=\"http:\/\/hasiciprzno.cz\/wp-content\/uploads\/2019\/02\/karta-prvni-pomoci-prevent.pdf\">Karta prvn\u00ed pomoci I.<\/a><\/h5>\n<h5 style=\"text-align: center;\"><a href=\"http:\/\/hasiciprzno.cz\/wp-content\/uploads\/2019\/02\/karta-prvni-pomoci-cerveny-kriz.pdf\">Karta prvn\u00ed pomoci II.<\/a><\/h5>\n<h5 style=\"text-align: center;\"><a href=\"http:\/\/hasiciprzno.cz\/wp-content\/uploads\/2019\/02\/velitel.pdf\"><strong>velitel<\/strong><\/a><\/h5>\n<h5 style=\"text-align: center;\"><a href=\"http:\/\/hasiciprzno.cz\/wp-content\/uploads\/2019\/02\/strojnik-junior.pdf\">STROJN\u00cdK JUNIOR<\/a><\/h5>\n<h5 style=\"text-align: center;\"><a href=\"http:\/\/hasiciprzno.cz\/wp-content\/uploads\/2019\/02\/strojnik.pdf\">STROJN\u00cdK<\/a><\/h5>\n<h5 style=\"text-align: center;\"><a href=\"http:\/\/hasiciprzno.cz\/wp-content\/uploads\/2019\/02\/kronikar.pdf\">Kronik\u00e1\u0159<\/a><\/h5>\n<h5 style=\"text-align: center;\"><a href=\"http:\/\/hasiciprzno.cz\/wp-content\/uploads\/2019\/02\/instruktor.pdf\">instruktor<\/a><\/h5>\n<h5 style=\"text-align: center;\"><a href=\"http:\/\/hasiciprzno.cz\/wp-content\/uploads\/2019\/02\/cvicitel.pdf\">cvi\u010ditel<\/a><\/h5>\n<h5 style=\"text-align: center;\"><a href=\"http:\/\/hasiciprzno.cz\/wp-content\/uploads\/2019\/02\/preventista-junior.pdf\">Preventista junior<\/a><\/h5>\n<h5 style=\"text-align: center;\"><a href=\"http:\/\/hasiciprzno.cz\/wp-content\/uploads\/2019\/02\/preventista.pdf\">Preventista<\/a><\/h5>\n<h5 style=\"text-align: center;\"><a href=\"http:\/\/hasiciprzno.cz\/?page_id=6156\">Signalizace<\/a><\/h5>\n<h3 style=\"text-align: center;\"><a href=\"http:\/\/hasiciprzno.cz\/wp-content\/uploads\/2019\/02\/PDF.zip\"><span style=\"color: #ff0000;\">V\u0160E KE ST\u00c1HNUT\u00cd ZDE:<\/span><\/a><\/h3>\n","protected":false},"excerpt":{"rendered":"<p>Na t\u011bchto str\u00e1nk\u00e1ch V\u00e1m p\u0159in\u00e1\u0161\u00edme u\u017eite\u010dn\u00e9 informace, kter\u00e9 m\u016f\u017eete vyu\u017e\u00edt na tr\u00e9ninc\u00edch a z\u00e1vodech. V\u00e1z\u00e1n\u00ed uzl\u016f Topografick\u00e9 zna\u010dky a hasi\u010dsk\u00e9 prost\u0159edky Sout\u011b\u017e Plamen, Po\u017e\u00e1rn\u00ed \u00fatok, Hasi\u010dsk\u00e1 v\u0161estranost Karta prvn\u00ed pomoci I. Karta prvn\u00ed pomoci II. velitel STROJN\u00cdK JUNIOR STROJN\u00cdK Kronik\u00e1\u0159 instruktor cvi\u010ditel Preventista junior Preventista Signalizace V\u0160E KE ST\u00c1HNUT\u00cd ZDE:<\/p>\n","protected":false},"author":1,"featured_media":0,"parent":0,"menu_order":0,"comment_status":"closed","ping_status":"closed","template":"","meta":{"footnotes":""},"post_mailing_queue_ids":[],"_links":{"self":[{"href":"https:\/\/hasiciprzno.cz\/index.php?rest_route=\/wp\/v2\/pages\/1016"}],"collection":[{"href":"https:\/\/hasiciprzno.cz\/index.php?rest_route=\/wp\/v2\/pages"}],"about":[{"href":"https:\/\/hasiciprzno.cz\/index.php?rest_route=\/wp\/v2\/types\/page"}],"author":[{"embeddable":true,"href":"https:\/\/hasiciprzno.cz\/index.php?rest_route=\/wp\/v2\/users\/1"}],"replies":[{"embeddable":true,"href":"https:\/\/hasiciprzno.cz\/index.php?rest_route=%2Fwp%2Fv2%2Fcomments&post=1016"}],"version-history":[{"count":29,"href":"https:\/\/hasiciprzno.cz\/index.php?rest_route=\/wp\/v2\/pages\/1016\/revisions"}],"predecessor-version":[{"id":6163,"href":"https:\/\/hasiciprzno.cz\/index.php?rest_route=\/wp\/v2\/pages\/1016\/revisions\/6163"}],"wp:attachment":[{"href":"https:\/\/hasiciprzno.cz\/index.php?rest_route=%2Fwp%2Fv2%2Fmedia&parent=1016"}],"curies":[{"name":"wp","href":"https:\/\/api.w.org\/{rel}","templated":true}]}}